{"id":2149,"date":"2026-04-03T22:31:00","date_gmt":"2026-04-03T20:31:00","guid":{"rendered":"https:\/\/auxfruitsetamesure.fr\/?post_type=product&#038;p=2149"},"modified":"2026-04-03T22:34:42","modified_gmt":"2026-04-03T20:34:42","slug":"grenadier-kabylie","status":"publish","type":"product","link":"https:\/\/auxfruitsetamesure.fr\/index.php\/produit\/grenadier-kabylie\/","title":{"rendered":"Kabylie"},"content":{"rendered":"","protected":false},"excerpt":{"rendered":"<p>Originaire d\u2019Afrique du Nord, \u2018Kabilye\u2019 est une vari\u00e9t\u00e9 productive donnant des fruits savoureux, particuli\u00e8rement appr\u00e9ci\u00e9s en consommation fra\u00eeche. Les grains sont mous, tr\u00e8s sucr\u00e9s et peu acidul\u00e9s.<\/p>\n","protected":false},"featured_media":2143,"template":"","meta":[],"product_brand":[],"product_cat":[243],"product_tag":[],"class_list":{"0":"post-2149","1":"product","2":"type-product","3":"status-publish","4":"has-post-thumbnail","6":"product_cat-grenadier","8":"first","9":"instock","10":"taxable","11":"shipping-taxable","12":"purchasable","13":"product-type-variable","14":"has-default-attributes"},"_links":{"self":[{"href":"https:\/\/auxfruitsetamesure.fr\/index.php\/wp-json\/wp\/v2\/product\/2149","targetHints":{"allow":["GET"]}}],"collection":[{"href":"https:\/\/auxfruitsetamesure.fr\/index.php\/wp-json\/wp\/v2\/product"}],"about":[{"href":"https:\/\/auxfruitsetamesure.fr\/index.php\/wp-json\/wp\/v2\/types\/product"}],"wp:featuredmedia":[{"embeddable":true,"href":"https:\/\/auxfruitsetamesure.fr\/index.php\/wp-json\/wp\/v2\/media\/2143"}],"wp:attachment":[{"href":"https:\/\/auxfruitsetamesure.fr\/index.php\/wp-json\/wp\/v2\/media?parent=2149"}],"wp:term":[{"taxonomy":"product_brand","embeddable":true,"href":"https:\/\/auxfruitsetamesure.fr\/index.php\/wp-json\/wp\/v2\/product_brand?post=2149"},{"taxonomy":"product_cat","embeddable":true,"href":"https:\/\/auxfruitsetamesure.fr\/index.php\/wp-json\/wp\/v2\/product_cat?post=2149"},{"taxonomy":"product_tag","embeddable":true,"href":"https:\/\/auxfruitsetamesure.fr\/index.php\/wp-json\/wp\/v2\/product_tag?post=2149"}],"curies":[{"name":"wp","href":"https:\/\/api.w.org\/{rel}","templated":true}]}}