{"id":2144,"date":"2026-04-03T22:27:12","date_gmt":"2026-04-03T20:27:12","guid":{"rendered":"https:\/\/auxfruitsetamesure.fr\/?post_type=product&#038;p=2144"},"modified":"2026-04-03T22:27:12","modified_gmt":"2026-04-03T20:27:12","slug":"grenadier-de-provence","status":"publish","type":"product","link":"https:\/\/auxfruitsetamesure.fr\/index.php\/produit\/grenadier-de-provence\/","title":{"rendered":"Grenadier de Provence"},"content":{"rendered":"","protected":false},"excerpt":{"rendered":"<p>Vari\u00e9t\u00e9 traditionnelle bien adapt\u00e9e aux climats du sud de la France, le grenadier \u2018de Provence\u2019 produit des fruits de bonne qualit\u00e9, \u00e0 saveur \u00e9quilibr\u00e9e. Les grains sont plut\u00f4t durs, avec un go\u00fbt \u00e9quilibr\u00e9, sucr\u00e9 avec une l\u00e9g\u00e8re acidit\u00e9.<\/p>\n","protected":false},"featured_media":2143,"template":"","meta":[],"product_brand":[],"product_cat":[243],"product_tag":[],"class_list":{"0":"post-2144","1":"product","2":"type-product","3":"status-publish","4":"has-post-thumbnail","6":"product_cat-grenadier","8":"first","9":"instock","10":"taxable","11":"shipping-taxable","12":"purchasable","13":"product-type-variable","14":"has-default-attributes"},"_links":{"self":[{"href":"https:\/\/auxfruitsetamesure.fr\/index.php\/wp-json\/wp\/v2\/product\/2144","targetHints":{"allow":["GET"]}}],"collection":[{"href":"https:\/\/auxfruitsetamesure.fr\/index.php\/wp-json\/wp\/v2\/product"}],"about":[{"href":"https:\/\/auxfruitsetamesure.fr\/index.php\/wp-json\/wp\/v2\/types\/product"}],"wp:featuredmedia":[{"embeddable":true,"href":"https:\/\/auxfruitsetamesure.fr\/index.php\/wp-json\/wp\/v2\/media\/2143"}],"wp:attachment":[{"href":"https:\/\/auxfruitsetamesure.fr\/index.php\/wp-json\/wp\/v2\/media?parent=2144"}],"wp:term":[{"taxonomy":"product_brand","embeddable":true,"href":"https:\/\/auxfruitsetamesure.fr\/index.php\/wp-json\/wp\/v2\/product_brand?post=2144"},{"taxonomy":"product_cat","embeddable":true,"href":"https:\/\/auxfruitsetamesure.fr\/index.php\/wp-json\/wp\/v2\/product_cat?post=2144"},{"taxonomy":"product_tag","embeddable":true,"href":"https:\/\/auxfruitsetamesure.fr\/index.php\/wp-json\/wp\/v2\/product_tag?post=2144"}],"curies":[{"name":"wp","href":"https:\/\/api.w.org\/{rel}","templated":true}]}}