{"id":2141,"date":"2026-04-02T21:12:24","date_gmt":"2026-04-02T19:12:24","guid":{"rendered":"https:\/\/auxfruitsetamesure.fr\/?post_type=product&#038;p=2141"},"modified":"2026-04-02T21:25:34","modified_gmt":"2026-04-02T19:25:34","slug":"camerisier-boreal-beauty","status":"publish","type":"product","link":"https:\/\/auxfruitsetamesure.fr\/index.php\/produit\/camerisier-boreal-beauty\/","title":{"rendered":"Boreal Beauty"},"content":{"rendered":"","protected":false},"excerpt":{"rendered":"<p>Le cam\u00e9risier Boreal Beauty est une obtention canadienne issue de la s\u00e9rie \u00ab\u00a0Boreal\u00a0\u00bb &#8211; s\u00e9rie qui contient les meilleurs cultivars \u00e0 ce jour. Cette vari\u00e9t\u00e9 produit de fruits acidul\u00e9s qui fructifient en m\u00eame temps &#8211; \u00e0 ce titre, elle est tr\u00e8s adapt\u00e9e \u00e0 la transformation. Elle n\u00e9cessite la pr\u00e9sence d&rsquo;une autre vari\u00e9t\u00e9 telle que Boreal Beast.<\/p>\n<p>Comme pour les autres petits fruits, attendez bien la maturit\u00e9 compl\u00e8te du fruit pour le cueillir afin qu&rsquo;il soit bien sucr\u00e9 &#8211; et attention aux oiseaux !<\/p>\n<p>A taille adulte, le cam\u00e9risier atteint environ 1m50 de haut pour 1m de large, parfois plus dans de bonnes conditions.<\/p>\n","protected":false},"featured_media":2133,"template":"","meta":[],"product_brand":[],"product_cat":[239],"product_tag":[],"class_list":{"0":"post-2141","1":"product","2":"type-product","3":"status-publish","4":"has-post-thumbnail","6":"product_cat-camerisier","8":"first","9":"instock","10":"taxable","11":"shipping-taxable","12":"purchasable","13":"product-type-variable","14":"has-default-attributes"},"_links":{"self":[{"href":"https:\/\/auxfruitsetamesure.fr\/index.php\/wp-json\/wp\/v2\/product\/2141","targetHints":{"allow":["GET"]}}],"collection":[{"href":"https:\/\/auxfruitsetamesure.fr\/index.php\/wp-json\/wp\/v2\/product"}],"about":[{"href":"https:\/\/auxfruitsetamesure.fr\/index.php\/wp-json\/wp\/v2\/types\/product"}],"wp:featuredmedia":[{"embeddable":true,"href":"https:\/\/auxfruitsetamesure.fr\/index.php\/wp-json\/wp\/v2\/media\/2133"}],"wp:attachment":[{"href":"https:\/\/auxfruitsetamesure.fr\/index.php\/wp-json\/wp\/v2\/media?parent=2141"}],"wp:term":[{"taxonomy":"product_brand","embeddable":true,"href":"https:\/\/auxfruitsetamesure.fr\/index.php\/wp-json\/wp\/v2\/product_brand?post=2141"},{"taxonomy":"product_cat","embeddable":true,"href":"https:\/\/auxfruitsetamesure.fr\/index.php\/wp-json\/wp\/v2\/product_cat?post=2141"},{"taxonomy":"product_tag","embeddable":true,"href":"https:\/\/auxfruitsetamesure.fr\/index.php\/wp-json\/wp\/v2\/product_tag?post=2141"}],"curies":[{"name":"wp","href":"https:\/\/api.w.org\/{rel}","templated":true}]}}