{"id":2136,"date":"2026-04-02T13:44:24","date_gmt":"2026-04-02T11:44:24","guid":{"rendered":"https:\/\/auxfruitsetamesure.fr\/?post_type=product&#038;p=2136"},"modified":"2026-04-02T21:01:56","modified_gmt":"2026-04-02T19:01:56","slug":"camerisier-aurora","status":"publish","type":"product","link":"https:\/\/auxfruitsetamesure.fr\/index.php\/produit\/camerisier-aurora\/","title":{"rendered":"Aurora"},"content":{"rendered":"","protected":false},"excerpt":{"rendered":"<p>Le cam\u00e9risier Aurora est une obtention canadienne et produit de gros fruits savoureux et acidul\u00e9s en mai. Elle est partiellement autofertile mais produira bien mieux en pr\u00e9sence d&rsquo;autres vari\u00e9t\u00e9s telles que Boreal Beast, Tundra ou encore Boreal Beauty.<\/p>\n<p>Comme pour les autres petits fruits, attendez bien la maturit\u00e9 compl\u00e8te du fruit pour le cueillir afin qu&rsquo;il soit bien sucr\u00e9 &#8211; et attention aux oiseaux !<\/p>\n<p>A taille adulte, le cam\u00e9risier atteint environ 1m50 de haut pour 1m de large, parfois plus dans de bonnes conditions.<\/p>\n","protected":false},"featured_media":2132,"template":"","meta":[],"product_brand":[],"product_cat":[239],"product_tag":[],"class_list":{"0":"post-2136","1":"product","2":"type-product","3":"status-publish","4":"has-post-thumbnail","6":"product_cat-camerisier","8":"first","9":"instock","10":"taxable","11":"shipping-taxable","12":"purchasable","13":"product-type-variable","14":"has-default-attributes"},"_links":{"self":[{"href":"https:\/\/auxfruitsetamesure.fr\/index.php\/wp-json\/wp\/v2\/product\/2136","targetHints":{"allow":["GET"]}}],"collection":[{"href":"https:\/\/auxfruitsetamesure.fr\/index.php\/wp-json\/wp\/v2\/product"}],"about":[{"href":"https:\/\/auxfruitsetamesure.fr\/index.php\/wp-json\/wp\/v2\/types\/product"}],"wp:featuredmedia":[{"embeddable":true,"href":"https:\/\/auxfruitsetamesure.fr\/index.php\/wp-json\/wp\/v2\/media\/2132"}],"wp:attachment":[{"href":"https:\/\/auxfruitsetamesure.fr\/index.php\/wp-json\/wp\/v2\/media?parent=2136"}],"wp:term":[{"taxonomy":"product_brand","embeddable":true,"href":"https:\/\/auxfruitsetamesure.fr\/index.php\/wp-json\/wp\/v2\/product_brand?post=2136"},{"taxonomy":"product_cat","embeddable":true,"href":"https:\/\/auxfruitsetamesure.fr\/index.php\/wp-json\/wp\/v2\/product_cat?post=2136"},{"taxonomy":"product_tag","embeddable":true,"href":"https:\/\/auxfruitsetamesure.fr\/index.php\/wp-json\/wp\/v2\/product_tag?post=2136"}],"curies":[{"name":"wp","href":"https:\/\/api.w.org\/{rel}","templated":true}]}}