{"id":2101,"date":"2026-03-25T12:22:11","date_gmt":"2026-03-25T11:22:11","guid":{"rendered":"https:\/\/auxfruitsetamesure.fr\/?post_type=product&#038;p=2101"},"modified":"2026-03-25T12:22:11","modified_gmt":"2026-03-25T11:22:11","slug":"groseillier-odorant-dore","status":"publish","type":"product","link":"https:\/\/auxfruitsetamesure.fr\/index.php\/produit\/groseillier-odorant-dore\/","title":{"rendered":"Groseillier odorant dor\u00e9"},"content":{"rendered":"","protected":false},"excerpt":{"rendered":"<p>Le groseillier odorant est un joli arbuste \u00e0 avoir au jardin avec sa jolie floraison jaune au printemps. Il produit des petites groseilles noires en \u00e9t\u00e9, comestibles mais plus adapt\u00e9es \u00e0 la transformation qu&rsquo;\u00e0 la consommation en frais &#8211; mais vous pouvez choisir de les laisser aux oiseaux \ud83d\ude42<\/p>\n<p>Il a un port plut\u00f4t \u00e9rig\u00e9, il s&rsquo;int\u00e8gre bien en haie. Il est \u00e9galement utilis\u00e9 comme porte-greffe pour produire des groseillers sur tige plut\u00f4t qu&rsquo;en buisson.<\/p>\n","protected":false},"featured_media":2102,"template":"","meta":[],"product_brand":[],"product_cat":[27,223],"product_tag":[],"class_list":{"0":"post-2101","1":"product","2":"type-product","3":"status-publish","4":"has-post-thumbnail","6":"product_cat-cassissiers-groseilliers-caseilliers","7":"product_cat-plantes-compagnes","9":"first","10":"instock","11":"taxable","12":"shipping-taxable","13":"purchasable","14":"product-type-simple"},"_links":{"self":[{"href":"https:\/\/auxfruitsetamesure.fr\/index.php\/wp-json\/wp\/v2\/product\/2101","targetHints":{"allow":["GET"]}}],"collection":[{"href":"https:\/\/auxfruitsetamesure.fr\/index.php\/wp-json\/wp\/v2\/product"}],"about":[{"href":"https:\/\/auxfruitsetamesure.fr\/index.php\/wp-json\/wp\/v2\/types\/product"}],"wp:featuredmedia":[{"embeddable":true,"href":"https:\/\/auxfruitsetamesure.fr\/index.php\/wp-json\/wp\/v2\/media\/2102"}],"wp:attachment":[{"href":"https:\/\/auxfruitsetamesure.fr\/index.php\/wp-json\/wp\/v2\/media?parent=2101"}],"wp:term":[{"taxonomy":"product_brand","embeddable":true,"href":"https:\/\/auxfruitsetamesure.fr\/index.php\/wp-json\/wp\/v2\/product_brand?post=2101"},{"taxonomy":"product_cat","embeddable":true,"href":"https:\/\/auxfruitsetamesure.fr\/index.php\/wp-json\/wp\/v2\/product_cat?post=2101"},{"taxonomy":"product_tag","embeddable":true,"href":"https:\/\/auxfruitsetamesure.fr\/index.php\/wp-json\/wp\/v2\/product_tag?post=2101"}],"curies":[{"name":"wp","href":"https:\/\/api.w.org\/{rel}","templated":true}]}}