{"id":196,"date":"2024-08-29T14:06:23","date_gmt":"2024-08-29T12:06:23","guid":{"rendered":"https:\/\/auxfruitsetamesure.fr\/?post_type=product&#038;p=196"},"modified":"2026-03-01T16:24:37","modified_gmt":"2026-03-01T15:24:37","slug":"cerisier-trompe-geai","status":"publish","type":"product","link":"https:\/\/auxfruitsetamesure.fr\/index.php\/produit\/cerisier-trompe-geai\/","title":{"rendered":"Trompe-Geai"},"content":{"rendered":"","protected":false},"excerpt":{"rendered":"<p>Le cerisier Trompe-Geai est une vari\u00e9t\u00e9 ancienne du Sud-Ouest, plus pr\u00e9cis\u00e9ment des Landes, \u00e9galement nomm\u00e9 \u00ab\u00a0Bigarreau Blanc\u00a0\u00bb. Il produit en effet des cerises de type bigarreau (chair ferme et croquante) de couleur jaune p\u00e2le, les rendant peu attractive aupr\u00e8s des oiseaux (ou en tout cas, moins visible !). La cerise est sucr\u00e9e et parfum\u00e9e, c&rsquo;est un tr\u00e8s bon fruit de table.<br \/>\nElle pr\u00e9sente \u00e9galement l&rsquo;int\u00e9r\u00eat d&rsquo;avoir une bonne r\u00e9sistance \u00e0 l&rsquo;\u00e9clatement. C&rsquo;est un arbre au port \u00e9rig\u00e9, qui atteindra facilement 4-5m de haut.<\/p>\n","protected":false},"featured_media":477,"template":"","meta":[],"product_brand":[],"product_cat":[23],"product_tag":[],"class_list":{"0":"post-196","1":"product","2":"type-product","3":"status-publish","4":"has-post-thumbnail","6":"product_cat-cerisiers","8":"first","9":"outofstock","10":"taxable","11":"shipping-taxable","12":"product-type-variable","13":"has-default-attributes"},"_links":{"self":[{"href":"https:\/\/auxfruitsetamesure.fr\/index.php\/wp-json\/wp\/v2\/product\/196","targetHints":{"allow":["GET"]}}],"collection":[{"href":"https:\/\/auxfruitsetamesure.fr\/index.php\/wp-json\/wp\/v2\/product"}],"about":[{"href":"https:\/\/auxfruitsetamesure.fr\/index.php\/wp-json\/wp\/v2\/types\/product"}],"wp:featuredmedia":[{"embeddable":true,"href":"https:\/\/auxfruitsetamesure.fr\/index.php\/wp-json\/wp\/v2\/media\/477"}],"wp:attachment":[{"href":"https:\/\/auxfruitsetamesure.fr\/index.php\/wp-json\/wp\/v2\/media?parent=196"}],"wp:term":[{"taxonomy":"product_brand","embeddable":true,"href":"https:\/\/auxfruitsetamesure.fr\/index.php\/wp-json\/wp\/v2\/product_brand?post=196"},{"taxonomy":"product_cat","embeddable":true,"href":"https:\/\/auxfruitsetamesure.fr\/index.php\/wp-json\/wp\/v2\/product_cat?post=196"},{"taxonomy":"product_tag","embeddable":true,"href":"https:\/\/auxfruitsetamesure.fr\/index.php\/wp-json\/wp\/v2\/product_tag?post=196"}],"curies":[{"name":"wp","href":"https:\/\/api.w.org\/{rel}","templated":true}]}}