{"id":1713,"date":"2025-09-10T15:04:01","date_gmt":"2025-09-10T13:04:01","guid":{"rendered":"https:\/\/auxfruitsetamesure.fr\/?post_type=product&#038;p=1713"},"modified":"2026-04-15T10:13:22","modified_gmt":"2026-04-15T08:13:22","slug":"pomme-dieu-gironde","status":"publish","type":"product","link":"https:\/\/auxfruitsetamesure.fr\/index.php\/produit\/pomme-dieu-gironde\/","title":{"rendered":"Dieu"},"content":{"rendered":"","protected":false},"excerpt":{"rendered":"<p><!-- wp:paragraph --><\/p>\n<p><!-- wp:paragraph --><\/p>\n<p>La pomme Dieu est une des vari\u00e9t\u00e9s historiquement cultiv\u00e9e et vendue en Gironde. Proche de la Rose de Benauge (elle aussi une pomme embl\u00e9matique de Gironde), elle produit un fruit assez gros, l\u00e9g\u00e8rement aplati, de couleur verte qui se teinte de rose-orange \u00e0 l&rsquo;insolation.<\/p>\n<p><!-- \/wp:paragraph --> <!-- wp:paragraph --><\/p>\n<p>Sa chair est tr\u00e8s blanche, juteuse et tendre, l\u00e9g\u00e8rement sucr\u00e9e et acidul\u00e9e.<!-- \/wp:paragraph --><\/p>\n<p><!-- \/wp:paragraph --><\/p>\n","protected":false},"featured_media":363,"template":"","meta":[],"product_brand":[],"product_cat":[22],"product_tag":[],"class_list":{"0":"post-1713","1":"product","2":"type-product","3":"status-publish","4":"has-post-thumbnail","6":"product_cat-pommiers","8":"first","9":"outofstock","10":"taxable","11":"shipping-taxable","12":"purchasable","13":"product-type-variable","14":"has-default-attributes"},"_links":{"self":[{"href":"https:\/\/auxfruitsetamesure.fr\/index.php\/wp-json\/wp\/v2\/product\/1713","targetHints":{"allow":["GET"]}}],"collection":[{"href":"https:\/\/auxfruitsetamesure.fr\/index.php\/wp-json\/wp\/v2\/product"}],"about":[{"href":"https:\/\/auxfruitsetamesure.fr\/index.php\/wp-json\/wp\/v2\/types\/product"}],"wp:featuredmedia":[{"embeddable":true,"href":"https:\/\/auxfruitsetamesure.fr\/index.php\/wp-json\/wp\/v2\/media\/363"}],"wp:attachment":[{"href":"https:\/\/auxfruitsetamesure.fr\/index.php\/wp-json\/wp\/v2\/media?parent=1713"}],"wp:term":[{"taxonomy":"product_brand","embeddable":true,"href":"https:\/\/auxfruitsetamesure.fr\/index.php\/wp-json\/wp\/v2\/product_brand?post=1713"},{"taxonomy":"product_cat","embeddable":true,"href":"https:\/\/auxfruitsetamesure.fr\/index.php\/wp-json\/wp\/v2\/product_cat?post=1713"},{"taxonomy":"product_tag","embeddable":true,"href":"https:\/\/auxfruitsetamesure.fr\/index.php\/wp-json\/wp\/v2\/product_tag?post=1713"}],"curies":[{"name":"wp","href":"https:\/\/api.w.org\/{rel}","templated":true}]}}