{"id":1707,"date":"2025-09-10T14:48:50","date_gmt":"2025-09-10T12:48:50","guid":{"rendered":"https:\/\/auxfruitsetamesure.fr\/?post_type=product&#038;p=1707"},"modified":"2026-04-15T10:13:58","modified_gmt":"2026-04-15T08:13:58","slug":"pommier-cox-s-orange","status":"publish","type":"product","link":"https:\/\/auxfruitsetamesure.fr\/index.php\/produit\/pommier-cox-s-orange\/","title":{"rendered":"Cox&rsquo;s Orange"},"content":{"rendered":"","protected":false},"excerpt":{"rendered":"<p>Le pommier Cox&rsquo;s Orange est issu d&rsquo;un semis de Ribston Pippin, obtenue par M. Cox au Royaume Uni en 1825 (d&rsquo;o\u00f9 le nom).<\/p>\n<p>\u00c0 maturit\u00e9 juste avant la Golden Delicious, cette vari\u00e9t\u00e9 produit des pommes jaunes stri\u00e9es de rouge, \u00e0 la chair tendre, sucr\u00e9e et l\u00e9g\u00e8rement acidul\u00e9e. Tr\u00e8s bonne qualit\u00e9 gustative, conservation courte.<\/p>\n<p>Se pollinise avec de nombreuses vari\u00e9t\u00e9s et est elle-m\u00eame une tr\u00e8s bonne pollinisatrice, un peu \u00e0 l&rsquo;instar de la Reine des Reinettes.<\/p>\n","protected":false},"featured_media":1709,"template":"","meta":[],"product_brand":[],"product_cat":[22],"product_tag":[],"class_list":{"0":"post-1707","1":"product","2":"type-product","3":"status-publish","4":"has-post-thumbnail","6":"product_cat-pommiers","8":"first","9":"outofstock","10":"taxable","11":"shipping-taxable","12":"purchasable","13":"product-type-variable","14":"has-default-attributes"},"_links":{"self":[{"href":"https:\/\/auxfruitsetamesure.fr\/index.php\/wp-json\/wp\/v2\/product\/1707","targetHints":{"allow":["GET"]}}],"collection":[{"href":"https:\/\/auxfruitsetamesure.fr\/index.php\/wp-json\/wp\/v2\/product"}],"about":[{"href":"https:\/\/auxfruitsetamesure.fr\/index.php\/wp-json\/wp\/v2\/types\/product"}],"wp:featuredmedia":[{"embeddable":true,"href":"https:\/\/auxfruitsetamesure.fr\/index.php\/wp-json\/wp\/v2\/media\/1709"}],"wp:attachment":[{"href":"https:\/\/auxfruitsetamesure.fr\/index.php\/wp-json\/wp\/v2\/media?parent=1707"}],"wp:term":[{"taxonomy":"product_brand","embeddable":true,"href":"https:\/\/auxfruitsetamesure.fr\/index.php\/wp-json\/wp\/v2\/product_brand?post=1707"},{"taxonomy":"product_cat","embeddable":true,"href":"https:\/\/auxfruitsetamesure.fr\/index.php\/wp-json\/wp\/v2\/product_cat?post=1707"},{"taxonomy":"product_tag","embeddable":true,"href":"https:\/\/auxfruitsetamesure.fr\/index.php\/wp-json\/wp\/v2\/product_tag?post=1707"}],"curies":[{"name":"wp","href":"https:\/\/api.w.org\/{rel}","templated":true}]}}