{"id":1684,"date":"2025-09-10T11:01:54","date_gmt":"2025-09-10T09:01:54","guid":{"rendered":"https:\/\/auxfruitsetamesure.fr\/?post_type=product&#038;p=1684"},"modified":"2026-04-15T10:15:10","modified_gmt":"2026-04-15T08:15:10","slug":"pommier-api-double-rose","status":"publish","type":"product","link":"https:\/\/auxfruitsetamesure.fr\/index.php\/produit\/pommier-api-double-rose\/","title":{"rendered":"Api double rose"},"content":{"rendered":"","protected":false},"excerpt":{"rendered":"<p>Cette pomme d&rsquo;Api est une vari\u00e9t\u00e9 ancienne de la r\u00e9gion d&rsquo;Agen. Elle a un port colonaire la rendant bien adapt\u00e9e aux petits jardins. Avec sa floraison moyenne \u00e0 tardive, elle passe g\u00e9n\u00e9ralement entre les gel\u00e9es.<\/p>\n<p>Le fruit est de calibre moyen \u00e0 gros, de couleur verd\u00e2tre et ros\u00e9 \u00e0 l&rsquo;insolation. Sa chair est tr\u00e8s blanche, ferme et craquante, bien sucr\u00e9e et juteuse. De longue conservation. Plus la conservation est longue, moins le fruit est acide et plus il est sucr\u00e9.<\/p>\n<p>Vari\u00e9t\u00e9 tr\u00e8s rustique et tr\u00e8s peu sensible aux parasites et maladies.<\/p>\n","protected":false},"featured_media":1685,"template":"","meta":[],"product_brand":[],"product_cat":[22],"product_tag":[],"class_list":{"0":"post-1684","1":"product","2":"type-product","3":"status-publish","4":"has-post-thumbnail","6":"product_cat-pommiers","8":"first","9":"outofstock","10":"taxable","11":"shipping-taxable","12":"purchasable","13":"product-type-variable","14":"has-default-attributes"},"_links":{"self":[{"href":"https:\/\/auxfruitsetamesure.fr\/index.php\/wp-json\/wp\/v2\/product\/1684","targetHints":{"allow":["GET"]}}],"collection":[{"href":"https:\/\/auxfruitsetamesure.fr\/index.php\/wp-json\/wp\/v2\/product"}],"about":[{"href":"https:\/\/auxfruitsetamesure.fr\/index.php\/wp-json\/wp\/v2\/types\/product"}],"wp:featuredmedia":[{"embeddable":true,"href":"https:\/\/auxfruitsetamesure.fr\/index.php\/wp-json\/wp\/v2\/media\/1685"}],"wp:attachment":[{"href":"https:\/\/auxfruitsetamesure.fr\/index.php\/wp-json\/wp\/v2\/media?parent=1684"}],"wp:term":[{"taxonomy":"product_brand","embeddable":true,"href":"https:\/\/auxfruitsetamesure.fr\/index.php\/wp-json\/wp\/v2\/product_brand?post=1684"},{"taxonomy":"product_cat","embeddable":true,"href":"https:\/\/auxfruitsetamesure.fr\/index.php\/wp-json\/wp\/v2\/product_cat?post=1684"},{"taxonomy":"product_tag","embeddable":true,"href":"https:\/\/auxfruitsetamesure.fr\/index.php\/wp-json\/wp\/v2\/product_tag?post=1684"}],"curies":[{"name":"wp","href":"https:\/\/api.w.org\/{rel}","templated":true}]}}