{"id":1537,"date":"2025-09-02T15:44:34","date_gmt":"2025-09-02T13:44:34","guid":{"rendered":"https:\/\/auxfruitsetamesure.fr\/?post_type=product&#038;p=1537"},"modified":"2025-11-13T14:59:58","modified_gmt":"2025-11-13T13:59:58","slug":"groseillier-a-grappes-london-market","status":"publish","type":"product","link":"https:\/\/auxfruitsetamesure.fr\/index.php\/produit\/groseillier-a-grappes-london-market\/","title":{"rendered":"London Market"},"content":{"rendered":"","protected":false},"excerpt":{"rendered":"<p>Le groseillier \u00e0 grappes London Market est une vari\u00e9t\u00e9 \u00e0 fruits rouges et \u00e0 maturit\u00e9 tardive. Elle est tr\u00e8s productive et tr\u00e8s peu sensible aux maladies.<\/p>\n<p>Les fruits sont de taille moyenne, bien acidul\u00e9s. Cette vari\u00e9t\u00e9 a un port tr\u00e8s dress\u00e9, vigoureux.<\/p>\n<p>Produit disponible \u00e0 partir de d\u00e9cembre 2025.<\/p>\n","protected":false},"featured_media":1531,"template":"","meta":[],"product_brand":[],"product_cat":[27],"product_tag":[],"class_list":{"0":"post-1537","1":"product","2":"type-product","3":"status-publish","4":"has-post-thumbnail","6":"product_cat-cassissiers-groseilliers-caseilliers","8":"first","9":"outofstock","10":"taxable","11":"shipping-taxable","12":"purchasable","13":"product-type-simple"},"_links":{"self":[{"href":"https:\/\/auxfruitsetamesure.fr\/index.php\/wp-json\/wp\/v2\/product\/1537","targetHints":{"allow":["GET"]}}],"collection":[{"href":"https:\/\/auxfruitsetamesure.fr\/index.php\/wp-json\/wp\/v2\/product"}],"about":[{"href":"https:\/\/auxfruitsetamesure.fr\/index.php\/wp-json\/wp\/v2\/types\/product"}],"wp:featuredmedia":[{"embeddable":true,"href":"https:\/\/auxfruitsetamesure.fr\/index.php\/wp-json\/wp\/v2\/media\/1531"}],"wp:attachment":[{"href":"https:\/\/auxfruitsetamesure.fr\/index.php\/wp-json\/wp\/v2\/media?parent=1537"}],"wp:term":[{"taxonomy":"product_brand","embeddable":true,"href":"https:\/\/auxfruitsetamesure.fr\/index.php\/wp-json\/wp\/v2\/product_brand?post=1537"},{"taxonomy":"product_cat","embeddable":true,"href":"https:\/\/auxfruitsetamesure.fr\/index.php\/wp-json\/wp\/v2\/product_cat?post=1537"},{"taxonomy":"product_tag","embeddable":true,"href":"https:\/\/auxfruitsetamesure.fr\/index.php\/wp-json\/wp\/v2\/product_tag?post=1537"}],"curies":[{"name":"wp","href":"https:\/\/api.w.org\/{rel}","templated":true}]}}