{"id":1476,"date":"2025-07-15T16:06:42","date_gmt":"2025-07-15T14:06:42","guid":{"rendered":"https:\/\/auxfruitsetamesure.fr\/?post_type=product&#038;p=1476"},"modified":"2025-12-05T20:41:22","modified_gmt":"2025-12-05T19:41:22","slug":"cerisier-reverchon","status":"publish","type":"product","link":"https:\/\/auxfruitsetamesure.fr\/index.php\/produit\/cerisier-reverchon\/","title":{"rendered":"Reverchon"},"content":{"rendered":"","protected":false},"excerpt":{"rendered":"<p>Le cerisier Reverchon produit des cerises de type bigarreau de gros calibre. Sa fructification est une des plus tardive parmi les cerisiers, permettant d&rsquo;\u00e9taler la saison de r\u00e9colte.<\/p>\n<p>Son fruit, rouge vif, devient pourpre \u00e0 pleine maturit\u00e9. Sa chair est ferme, sucr\u00e9e et l\u00e9g\u00e8rement acidul\u00e9e.<\/p>\n<p>L&rsquo;arbre est vigoureux, peu sensible \u00e0 l&rsquo;\u00e9clatement.<\/p>\n","protected":false},"featured_media":1477,"template":"","meta":[],"product_brand":[],"product_cat":[23],"product_tag":[],"class_list":{"0":"post-1476","1":"product","2":"type-product","3":"status-publish","4":"has-post-thumbnail","6":"product_cat-cerisiers","8":"first","9":"outofstock","10":"taxable","11":"shipping-taxable","12":"purchasable","13":"product-type-variable","14":"has-default-attributes"},"_links":{"self":[{"href":"https:\/\/auxfruitsetamesure.fr\/index.php\/wp-json\/wp\/v2\/product\/1476","targetHints":{"allow":["GET"]}}],"collection":[{"href":"https:\/\/auxfruitsetamesure.fr\/index.php\/wp-json\/wp\/v2\/product"}],"about":[{"href":"https:\/\/auxfruitsetamesure.fr\/index.php\/wp-json\/wp\/v2\/types\/product"}],"wp:featuredmedia":[{"embeddable":true,"href":"https:\/\/auxfruitsetamesure.fr\/index.php\/wp-json\/wp\/v2\/media\/1477"}],"wp:attachment":[{"href":"https:\/\/auxfruitsetamesure.fr\/index.php\/wp-json\/wp\/v2\/media?parent=1476"}],"wp:term":[{"taxonomy":"product_brand","embeddable":true,"href":"https:\/\/auxfruitsetamesure.fr\/index.php\/wp-json\/wp\/v2\/product_brand?post=1476"},{"taxonomy":"product_cat","embeddable":true,"href":"https:\/\/auxfruitsetamesure.fr\/index.php\/wp-json\/wp\/v2\/product_cat?post=1476"},{"taxonomy":"product_tag","embeddable":true,"href":"https:\/\/auxfruitsetamesure.fr\/index.php\/wp-json\/wp\/v2\/product_tag?post=1476"}],"curies":[{"name":"wp","href":"https:\/\/api.w.org\/{rel}","templated":true}]}}