{"id":1464,"date":"2025-07-15T14:04:37","date_gmt":"2025-07-15T12:04:37","guid":{"rendered":"https:\/\/auxfruitsetamesure.fr\/?post_type=product&#038;p=1464"},"modified":"2025-12-05T14:06:21","modified_gmt":"2025-12-05T13:06:21","slug":"cerisier-napoleon","status":"publish","type":"product","link":"https:\/\/auxfruitsetamesure.fr\/index.php\/produit\/cerisier-napoleon\/","title":{"rendered":"Napol\u00e9on"},"content":{"rendered":"","protected":false},"excerpt":{"rendered":"<p>Le cerisier Napol\u00e9on est une vari\u00e9t\u00e9 ancienne produisant des fruits de type bigarreau. Largement r\u00e9pandue en France, cette vari\u00e9t\u00e9 se distingue par ses fruits bicolores, jaunes se colorant de rouge \u00e0 l&rsquo;insolation.<\/p>\n<p>Les cerises sont plut\u00f4t de gros calibre, leur chair est ferme et croquante, acidul\u00e9es, sucr\u00e9es et juteuses. Son jus est incolore.<\/p>\n<p>Ce cerisier pr\u00e9sente l&rsquo;avantage d&rsquo;\u00eatre partiellement autofertile et donc de pouvoir fructifier en l&rsquo;absence d&rsquo;une autre vari\u00e9t\u00e9 \u00e0 proximit\u00e9. Sa fructification sera cependant am\u00e9lior\u00e9e si vous disposez d&rsquo;une seconde vari\u00e9t\u00e9 de cerisier fleurissant \u00e0 la m\u00eame p\u00e9riode dans un rayon de 500-800m.<\/p>\n<p>L&rsquo;arbre est vigoureux avec un port \u00e9tal\u00e9. Il est sensible au monilia et \u00e0 l&rsquo;\u00e9clatement apr\u00e8s une pluie.<\/p>\n<p>Cette ann\u00e9e, cette vari\u00e9t\u00e9 est propos\u00e9e en demi-tige sur merisier : le porte-greffe a \u00e9t\u00e9 conduit en hauteur pendant 2 ans et la vari\u00e9t\u00e9 a \u00e9t\u00e9 greff\u00e9e \u00e0 1m50.<\/p>\n","protected":false},"featured_media":1467,"template":"","meta":[],"product_brand":[],"product_cat":[23],"product_tag":[],"class_list":{"0":"post-1464","1":"product","2":"type-product","3":"status-publish","4":"has-post-thumbnail","6":"product_cat-cerisiers","8":"first","9":"outofstock","10":"taxable","11":"shipping-taxable","12":"purchasable","13":"product-type-variable","14":"has-default-attributes"},"_links":{"self":[{"href":"https:\/\/auxfruitsetamesure.fr\/index.php\/wp-json\/wp\/v2\/product\/1464","targetHints":{"allow":["GET"]}}],"collection":[{"href":"https:\/\/auxfruitsetamesure.fr\/index.php\/wp-json\/wp\/v2\/product"}],"about":[{"href":"https:\/\/auxfruitsetamesure.fr\/index.php\/wp-json\/wp\/v2\/types\/product"}],"wp:featuredmedia":[{"embeddable":true,"href":"https:\/\/auxfruitsetamesure.fr\/index.php\/wp-json\/wp\/v2\/media\/1467"}],"wp:attachment":[{"href":"https:\/\/auxfruitsetamesure.fr\/index.php\/wp-json\/wp\/v2\/media?parent=1464"}],"wp:term":[{"taxonomy":"product_brand","embeddable":true,"href":"https:\/\/auxfruitsetamesure.fr\/index.php\/wp-json\/wp\/v2\/product_brand?post=1464"},{"taxonomy":"product_cat","embeddable":true,"href":"https:\/\/auxfruitsetamesure.fr\/index.php\/wp-json\/wp\/v2\/product_cat?post=1464"},{"taxonomy":"product_tag","embeddable":true,"href":"https:\/\/auxfruitsetamesure.fr\/index.php\/wp-json\/wp\/v2\/product_tag?post=1464"}],"curies":[{"name":"wp","href":"https:\/\/api.w.org\/{rel}","templated":true}]}}