{"id":1429,"date":"2025-07-08T10:50:29","date_gmt":"2025-07-08T08:50:29","guid":{"rendered":"https:\/\/auxfruitsetamesure.fr\/?post_type=product&#038;p=1429"},"modified":"2025-09-23T10:16:53","modified_gmt":"2025-09-23T08:16:53","slug":"cerisier-coeur-de-boeuf","status":"publish","type":"product","link":"https:\/\/auxfruitsetamesure.fr\/index.php\/produit\/cerisier-coeur-de-boeuf\/","title":{"rendered":"Coeur de Boeuf"},"content":{"rendered":"","protected":false},"excerpt":{"rendered":"<p>Le cerisier Coeur de Boeuf produit des fruits de type bigarreau de tr\u00e8s gros calibre. Il est originaire de Gironde, de la r\u00e9gion de Bazas.<\/p>\n<p>Ses cerises sont de chair ferme et rose p\u00e2le, son jus est rouges. Elles sont tr\u00e8s sucr\u00e9es (IR 19-29) et acidul\u00e9es.<\/p>\n<p>L&rsquo;arbre a un port tr\u00e8s \u00e9rig\u00e9, peu ramifi\u00e9. Le fruit est peu sensible \u00e0 l&rsquo;\u00e9clatement, aux maladies et aux parasites, si ce n&rsquo;est le monilia apr\u00e8s fortes pluies.<\/p>\n","protected":false},"featured_media":1430,"template":"","meta":[],"product_brand":[],"product_cat":[23],"product_tag":[],"class_list":{"0":"post-1429","1":"product","2":"type-product","3":"status-publish","4":"has-post-thumbnail","6":"product_cat-cerisiers","8":"first","9":"outofstock","10":"taxable","11":"shipping-taxable","12":"purchasable","13":"product-type-variable","14":"has-default-attributes"},"_links":{"self":[{"href":"https:\/\/auxfruitsetamesure.fr\/index.php\/wp-json\/wp\/v2\/product\/1429","targetHints":{"allow":["GET"]}}],"collection":[{"href":"https:\/\/auxfruitsetamesure.fr\/index.php\/wp-json\/wp\/v2\/product"}],"about":[{"href":"https:\/\/auxfruitsetamesure.fr\/index.php\/wp-json\/wp\/v2\/types\/product"}],"wp:featuredmedia":[{"embeddable":true,"href":"https:\/\/auxfruitsetamesure.fr\/index.php\/wp-json\/wp\/v2\/media\/1430"}],"wp:attachment":[{"href":"https:\/\/auxfruitsetamesure.fr\/index.php\/wp-json\/wp\/v2\/media?parent=1429"}],"wp:term":[{"taxonomy":"product_brand","embeddable":true,"href":"https:\/\/auxfruitsetamesure.fr\/index.php\/wp-json\/wp\/v2\/product_brand?post=1429"},{"taxonomy":"product_cat","embeddable":true,"href":"https:\/\/auxfruitsetamesure.fr\/index.php\/wp-json\/wp\/v2\/product_cat?post=1429"},{"taxonomy":"product_tag","embeddable":true,"href":"https:\/\/auxfruitsetamesure.fr\/index.php\/wp-json\/wp\/v2\/product_tag?post=1429"}],"curies":[{"name":"wp","href":"https:\/\/api.w.org\/{rel}","templated":true}]}}