{"id":1371,"date":"2025-07-07T13:57:53","date_gmt":"2025-07-07T11:57:53","guid":{"rendered":"https:\/\/auxfruitsetamesure.fr\/?post_type=product&#038;p=1371"},"modified":"2025-12-08T10:23:23","modified_gmt":"2025-12-08T09:23:23","slug":"amelanchier-alnifolia-martin","status":"publish","type":"product","link":"https:\/\/auxfruitsetamesure.fr\/index.php\/produit\/amelanchier-alnifolia-martin\/","title":{"rendered":"Martin"},"content":{"rendered":"","protected":false},"excerpt":{"rendered":"<p>Parmi les diff\u00e9rentes vari\u00e9t\u00e9s d&rsquo;am\u00e9lanchiers alnifolia, Martin se distingue par la taille des ses fruits, plus gros, et sa pr\u00e9cocit\u00e9. Ses fruits sont un peu plus doux que les autres vari\u00e9t\u00e9s et arrivent \u00e0 maturit\u00e9 sur une courte p\u00e9riode, facilitant ainsi la r\u00e9colte pour ceux qui veulent en faire des confitures par exemple.<\/p>\n","protected":false},"featured_media":1369,"template":"","meta":[],"product_brand":[],"product_cat":[91],"product_tag":[],"class_list":{"0":"post-1371","1":"product","2":"type-product","3":"status-publish","4":"has-post-thumbnail","6":"product_cat-amelanchier","8":"first","9":"outofstock","10":"taxable","11":"shipping-taxable","12":"purchasable","13":"product-type-simple"},"_links":{"self":[{"href":"https:\/\/auxfruitsetamesure.fr\/index.php\/wp-json\/wp\/v2\/product\/1371","targetHints":{"allow":["GET"]}}],"collection":[{"href":"https:\/\/auxfruitsetamesure.fr\/index.php\/wp-json\/wp\/v2\/product"}],"about":[{"href":"https:\/\/auxfruitsetamesure.fr\/index.php\/wp-json\/wp\/v2\/types\/product"}],"wp:featuredmedia":[{"embeddable":true,"href":"https:\/\/auxfruitsetamesure.fr\/index.php\/wp-json\/wp\/v2\/media\/1369"}],"wp:attachment":[{"href":"https:\/\/auxfruitsetamesure.fr\/index.php\/wp-json\/wp\/v2\/media?parent=1371"}],"wp:term":[{"taxonomy":"product_brand","embeddable":true,"href":"https:\/\/auxfruitsetamesure.fr\/index.php\/wp-json\/wp\/v2\/product_brand?post=1371"},{"taxonomy":"product_cat","embeddable":true,"href":"https:\/\/auxfruitsetamesure.fr\/index.php\/wp-json\/wp\/v2\/product_cat?post=1371"},{"taxonomy":"product_tag","embeddable":true,"href":"https:\/\/auxfruitsetamesure.fr\/index.php\/wp-json\/wp\/v2\/product_tag?post=1371"}],"curies":[{"name":"wp","href":"https:\/\/api.w.org\/{rel}","templated":true}]}}